{"id":107,"date":"2018-11-07T18:16:39","date_gmt":"2018-11-07T18:16:39","guid":{"rendered":"http:\/\/aroma-database.com\/shop\/?page_id=107"},"modified":"2025-07-16T08:23:08","modified_gmt":"2025-07-16T08:23:08","slug":"impressum-agb","status":"publish","type":"page","link":"https:\/\/aroma-database.com\/shop\/impressum-agb\/","title":{"rendered":"Impressum &#038; AGB"},"content":{"rendered":"<div class=\"posttop\">\n<p>Die vorliegende Website (in weiterer Folge auch Software genannt) ist ein Online-Angebot der Firma Seunig-Karner GesbR.<br \/>\nDie Inhalte der Datenbank beruhen auf gr\u00fcndlicher Recherche und eigenen Erfahrungen der Autorin. Die Empfehlungen in der Datenbank k\u00f6nnen die Betreuung durch eine\/n Arzt\/\u00c4rztin bzw. eine\/n TherapeutIn nicht ersetzen. Alle Angaben, Empfehlungen und Informationen sind ohne jegliche Verpflichtung oder Garantie der Autorin. Zu den Angaben der angef\u00fchrten \u00d6le kann weder seitens der Herausgeberin noch seitens des technischen Supports eine Gew\u00e4hr \u00fcbernommen werden. Alle Angaben dieser Datenbank sind urheberrechtlich gesch\u00fctzt. Jede Verwertung au\u00dferhalb der engen Grenzen des Urheberrechtsgesetzes ist ohne Zustimmung der Seunig-Karner GesbR unzul\u00e4ssig und strafbar. Das gilt insbesondere f\u00fcr Kopie bzw. Vervielf\u00e4ltigung sowohl des Inhaltes als auch f\u00fcr den konzeptionellen Aufbau.<\/p>\n<\/div>\n<div class=\"postcontent\">\n<p><strong>Herausgeberin und f\u00fcr den Inhalt verantwortlich:<br \/>\n<\/strong>Seunig-Karner GesbR<br \/>\nA-8250 Vorau, Hauptstra\u00dfe 71<br \/>\nUID: ATU71643901<\/p>\n<p><strong>Fragen zu Inhalten:<br \/>\n<\/strong>KommR Mag.a Ingrid Karner, MEd MSc<br \/>\nTel: <a href=\"tel:+43 664 5441474\">+43 664 5441474<\/a><br \/>\nFax: <a href=\"tel:+4331668150015\">+43 316 681500-15<\/a><br \/>\nE-Mail:\u00a0<a href=\"mailto:office@aromainfo.at\">office@aromainfo.at<\/a><\/p>\n<p><strong>Technische Funktionalit\u00e4t\/Support:<br \/>\n<\/strong>Mag. Bernhard Seunig-Karner, BSc MSc<br \/>\nTel: <a href=\"tel:+436641909492\">+43 664\u00a01909492<\/a><br \/>\nFax: <a href=\"tel:+4331668150015\">+43 316 681500-15<\/a><br \/>\nE-Mail: <a href=\"mailto:office@aromainfo-database.com\">office@aromainfo-database.com<\/a><\/p>\n<p><strong>Zust\u00e4ndige Aufsichtsbeh\u00f6rde: Magistrat Graz<\/strong><\/p>\n<h5>Informationspflicht lt. \u00a75 E-Commerce Gesetz, \u00a714 Unternehmensgesetzbuch bzw. \u00a763 Gewerbeordnung und Offenlegungspflicht lt. \u00a725 Mediengesetz:<\/h5>\n<p><span style=\"font-weight: 400;\">Ingrid Karner:<\/span><span style=\"font-weight: 400;\"><a href=\"https:\/\/firmen.wko.at\/Web\/Ergebnis.aspx?StandortID=89&amp;StandortName=graz&amp;Suchbegriff=aromainfo&amp;Page=1\" target=\"_blank\" rel=\"noopener noreferrer\"><img loading=\"lazy\" decoding=\"async\" class=\"alignnone wp-image-261 size-full\" src=\"http:\/\/aroma-database.com\/shop\/wp-content\/uploads\/2019\/01\/WKO_ECG-Logo.gif\" alt=\"\" width=\"169\" height=\"23\" \/><\/a><\/span><\/p>\n<p><span style=\"font-weight: 400;\">\u00a0B<\/span><span style=\"font-weight: 400;\">ernhard Seunig-Karner:<\/span><a href=\"https:\/\/firmen.wko.at\/Web\/DetailsKontakt.aspx?FirmaID=c0d63761-118e-424e-b975-cc93301d9613&amp;StandortID=0&amp;Suchbegriff=bernhard+seunig&amp;Page=1\" target=\"_blank\" rel=\"noopener noreferrer\"><img loading=\"lazy\" decoding=\"async\" class=\"alignnone wp-image-261 size-full\" src=\"http:\/\/aroma-database.com\/shop\/wp-content\/uploads\/2019\/01\/WKO_ECG-Logo.gif\" alt=\"Informationspflicht lt. ECG und Mediengesetz\" width=\"169\" height=\"23\" \/><\/a><\/p>\n<\/div>\n<h3 dir=\"ltr\"><strong>Allgemeine Gesch\u00e4ftsbedingungen (AGB)<\/strong><\/h3>\n<h3 dir=\"ltr\">Endnutzerlizenzvereinbarung<\/h3>\n<p>Lesen Sie bitte die folgenden Bedingungen sorgf\u00e4ltig durch, bevor Sie die Software verwenden. Diese Bedingungen gelten f\u00fcr jede Art der Nutzung der Software oder des Zugriffs darauf. Durch Anhaken der Kontrollbox \u201e<em>Hiermit best\u00e4tige ich die Richtigkeit der Daten und dass ich die <\/em><a href=\"https:\/\/aroma-database.com\/shop\/impressum-agb\/\"><em>AGBs<\/em><\/a><em> verstanden und akzeptiert habe. Mit meiner Anmeldung akzeptiere ich die Allgemeinen Bedingungen, das <\/em><a href=\"https:\/\/aroma-database.com\/shop\/wp-content\/uploads\/2019\/01\/widerrufsformular_db190115.pdf\"><em>Widerrufsrecht<\/em><\/a><em> und die <\/em><a href=\"https:\/\/aroma-database.com\/shop\/wp-content\/uploads\/2023\/07\/datenschutzerklaerung_220125_rev02.pdf\"><em>Datenschutzerkl\u00e4rung<\/em><\/a><em>.<\/em>\u201c erkl\u00e4ren Sie, dass Sie alle Bedingungen in dieser Vereinbarung gelesen, die Bedingungen in dieser Vereinbarung verstanden und die rechtliche G\u00fcltigkeit der Bedingungen dieser Vereinbarung bedingungslos zustimmen. Wenn Sie mit den Bestimmungen in dieser Vereinbarung nicht einverstanden sind, haben Sie nicht das Recht zur Nutzung der Software und der damit verbundenen Leistungen.<\/p>\n<p>Der <strong>Lizenzgeber<\/strong> (Seunig-Karner GesbR) und der <strong>Lizenznehmer<\/strong> (Erwerber der Lizenz) vereinbaren hiermit wie folgt:<\/p>\n<div><\/div>\n<h3><strong>1. Softwarelizenz<\/strong><\/h3>\n<h2>1.1 Lizenztypen<\/h2>\n<p>Es gibt drei Lizenztypen.<\/p>\n<ul>\n<li>AROMAINFO-DATABASE 1-JAHRES LIZENZ<\/li>\n<li>AROMAINFO- DATABASE MONATSABO LIZENZ<\/li>\n<li>AROMAINFO- DATABASE 1-JAHRES LIZENZVERL\u00c4NGERUNG<\/li>\n<\/ul>\n<h2>1.2 Erteilte Rechte<\/h2>\n<p>1.2.1 Der Lizenzgeber erteilt dem Lizenznehmer nach Bezahlung des vereinbarten Entgelts ein nicht ausschlie\u00dfliches, nicht \u00fcbertragbares, nicht unterlizenzierbares und zeitlich begrenztes Recht (je nach erworbener Lizenz) die Software zu verwenden.<\/p>\n<p>1.2.2 Die Software wird gem\u00e4\u00df dieser Vereinbarung f\u00fcr den Lizenznehmer ausschlie\u00dflich lizenziert und nicht an ihn verkauft.<\/p>\n<p>1.2.3 Dem Lizenznehmer ist es nicht gestattet, die Software, Teile davon, die darin enthaltenen Daten und Informationen zu kopieren.<\/p>\n<p>1.2.4\u00a0Dem Lizenznehmer ist es nicht gestattet, ein Reverse-Engineering der Software durchzuf\u00fchren, zu gestatten oder zu versuchen.<\/p>\n<p>1.2.5 Dem Lizenznehmer ist es nicht erlaubt, die Software zu \u00e4ndern, umzugestalten, zu erweitern oder daraus abgeleitete Inhalte zu erstellen.<\/p>\n<p>1.2.6\u00a0Dem Lizenznehmer ist es nicht erlaubt, die Softwarelizenz zu vermieten, verteilen, verkaufen oder Dritten weiterzugeben.<\/p>\n<p>1.2.7 Dem Lizenznehmer ist es nicht erlaubt Dritten Hostingdienste mit der Software anzubieten.<\/p>\n<p>1.2.8 Der Lizenznehmer verpflichtet sich, den Lizenzmechanismus nicht zu umgehen und keinen nicht autorisierten Zugang zur Software zu generieren.<\/p>\n<p>1.2.9\u00a0Der Lizenzgeber beh\u00e4lt alle Rechte zu Titel und Copyright, Rechte an geistigem Eigentum, sowie andere Eigentumsrechte in Bezug auf die Software.<\/p>\n<p>1.2.10 Der Lizenznehmer beansprucht f\u00fcr die Software weder ausdr\u00fccklich noch indirekt andere Rechte als in dieser Vereinbarung festgelegt.<\/p>\n<p>1.2.11 Wenn der Lizenzgeber Vorschl\u00e4ge des Lizenznehmers zu neuen Funktionen, Verbesserungen oder zur Leistung der Software \u00fcbernimmt, gehen diese in das alleinige und exklusive Eigentum des Lizenzgebers \u00fcber.<\/p>\n<p>1.2.12\u00a0Dem Lizenzgeber ist es erlaubt, unverbindlich Vorversionen von Features der Software zur Verf\u00fcgung zu stellen. Der Lizenznehmer akzeptiert, dass solche Features nicht f\u00fcr die allgemeine Nutzung geeignet sind.<\/p>\n<p>1.2.13\u00a0 Der Lizenznehmer ist verpflichtet, die zur Nutzung der Software vom Lizenzgeber erforderlichen Passw\u00f6rter und Log-Ins vertraulich zu behandeln.<\/p>\n<p>1.2.14\u00a0 Jede gleichzeitige Benutzung der Software erfordert eine eigene Lizenz. Dem Lizenznehmer ist es nicht erlaubt, sich mit denselben Zugangsdaten (bzw. derselben Lizenz) auf mehreren Ger\u00e4ten gleichzeitig anzumelden und die Software zu nutzen.<\/p>\n<p>1.2.15 Sofern keine gesonderte Vereinbarung getroffen wird, werden dem Lizenznehmer keine weitergehenden Rechte an der Software \u00fcbertragen.<\/p>\n<p>1.2.16\u00a0 Die Anfertigung von Kopien f\u00fcr Archiv- und Datensicherungszwecke, oder zu anderen Zwecken ist dem Lizenznehmer nicht gestattet.<\/p>\n<p>1.2.17 Nach Ablauf der erteilten Lizenz muss der Lizenznehmer die Nutzung der Software komplett einstellen.<\/p>\n<h2>2. K\u00fcndigung<\/h2>\n<p>2.1 Die automatische Lizenzverl\u00e4ngerung kann von jeder Partei zum Ende der jeweiligen Periode (je nach erworbener Lizenz ein Jahr oder ein Monat) mit einer Frist von 30 Tagen schriftlich gek\u00fcndigt werden.<\/p>\n<p>2.2 Der Lizenzgeber ist \u00fcberdies berechtigt, den Vertrag aus wichtigem Grund vorzeitig zu k\u00fcndigen, wenn sich wesentliche Parameter der Leistungserbringung ge\u00e4ndert haben und dem Lizenzgeber aus diesem Grund die Fortf\u00fchrung der Leistungen unter wirtschaftlichen Gesichtspunkten nicht mehr zugemutet werden kann.<\/p>\n<p>2.3 H\u00f6here Gewalt, Arbeitskonflikte und Naturkatastrophen sowie sonstige Umst\u00e4nde, die au\u00dferhalb der Einflussm\u00f6glichkeit des Lizenzgebers liegen, entbinden den Lizenzgeber von der Lieferverpflichtung bzw. gestatten ihm eine Neufestsetzung der vereinbarten Lieferzeit.<\/p>\n<p>2.4 Sollte der Lizenznehmer gegen eine Bedingung dieser Vereinbarung versto\u00dfen, ist der Lizenzgeber berechtigt, diese Vereinbarung zu k\u00fcndigen. In diesem Falle muss der Lizenznehmer die Nutzung der Software sofort zur G\u00e4nze einstellen. Alle Bedingungen in dieser Vereinbarung gelten auch nach der K\u00fcndigung weiter. Eine K\u00fcndigung dieser Vereinbarung beschr\u00e4nkt nicht die weiteren Rechte und Rechtsmittel des Lizenzgebers.<\/p>\n<p>2.5 Ferner \u00fcbernimmt der Lizenzgeber keine Gew\u00e4hr f\u00fcr Fehler, St\u00f6rungen oder Sch\u00e4den, die auf unsachgem\u00e4\u00dfe Bedienung, ge\u00e4nderter Betriebssystemkomponenten, Schnittstellen und Parameter zur\u00fcckzuf\u00fchren sind.<\/p>\n<h2>3. Freistellung des Lizenzgebers<\/h2>\n<p>Der Lizenznehmer stellt den Lizenzgeber von allen Anspr\u00fcchen Dritter, insbesondere von Anspr\u00fcchen wegen Urheberrechts- und Pers\u00f6nlichkeitsrechtsverletzungen, Forderungen, Klagen, Verfahren, Verlusten, Verpflichtungen, Sch\u00e4den, Kosten und Ausgaben die gegen den Lizenzgeber in Zusammenhang mit der Aus\u00fcbung der vertragsgegenst\u00e4ndlichen Rechte erhoben werden sollten, auf erstes Anfordern hin frei. Die Freistellung beinhaltet auch den Ersatz der Kosten, die dem Lizenznehmer durch eine Rechtsverfolgung oder Rechtsverteidigung entstehen bzw. entstanden sind.<\/p>\n<h2>4. Ausschlussklausel<\/h2>\n<p>Der Lizenzgeber \u00fcbernimmt keine Garantie daf\u00fcr, dass die Software den Anforderungen des Lizenznehmers erf\u00fcllt oder dass der Betrieb der Software ohne Unterbrechung und fehlerfrei m\u00f6glich ist und dass alle Softwarefehler korrigiert werden.<\/p>\n<h2>5. Sonstiges<\/h2>\n<p>Sollten einzelne Bestimmungen dieser Vereinbarung unwirksam sein oder unwirksam werden, so wird hierdurch die Wirksamkeit der \u00fcbrigen Bestimmungen dieser Vereinbarung nicht ber\u00fchrt. Die Vertragspartner werden partnerschaftlich zusammenwirken, um eine Regelung zu finden, die den unwirksamen Bestimmungen m\u00f6glichst nahekommt.<\/p>\n<h2>6. Inhalt, Empfehlungen, Rezepturen und Vollst\u00e4ndigkeit<\/h2>\n<p>Der Lizenzgeber \u00fcbernimmt keinerlei Gew\u00e4hr f\u00fcr Dosierungsanweisungen, Rezepturen, Inhaltsangaben, Apllikationsformen, Vorsichtsgebote und Wirkungs- bzw. Anwendungsempfehlungen oder f\u00fcr die L\u00fcckenlosigkeit, Wissenschaftlichkeit und Vollst\u00e4ndigkeit der Informationen. Der Lizenznehmer ist verpflichtet, sorgf\u00e4ltig zu pr\u00fcfen, ob die Empfehlungen in der Software von einem Buch, einer Studie oder \u00e4rztlichen Empfehlung abweichen, bevor er Anwendungen durchf\u00fchrt.<\/p>\n<p>F\u00fcr die Behandlung von Krankheiten ist immer eine \u00e4rztliche Diagnose und \u00e4rztliche bzw. therapeutische Empfehlung einzuholen. Der Lizenznehmer ist allein verantwortlich f\u00fcr seine Gesundheit und seinen Gesundheitszustand. Nur der Arzt\/die \u00c4rztin bzw. der\/die TherapeutIn darf \u00e4therische \u00d6le zur Behandlung von Krankheiten oder zu deren Prophylaxe verordnen! Wenn dem Lizenznehmer Fehler in der Datenbank auffallen, ist er angehalten, diese dem Lizenzgeber mitzuteilen. Der Lizenzgeber haftet nicht f\u00fcr Sch\u00e4den oder Befindlichkeitsst\u00f6rungen, die aufgrund einer in der Software enthaltenen Empfehlung auftreten.<\/p>\n<h2>7. Ausfall der Software<\/h2>\n<p>Der Lizenzgeber \u00fcbernimmt keinerlei Verantwortung f\u00fcr eine etwaige St\u00f6rung oder f\u00fcr Ausf\u00e4lle. Der Lizenzgeber ist nicht verpflichtet, dem Lizenznehmer die Zeit des Ausfalls abzugelten. Des Weiteren \u00fcbernimmt der Lizenzgeber keine Haftung f\u00fcr die Anwendung der Informationen, die inhaltlich in der Software bereitgestellt werden.<\/p>\n<h2>8. R\u00fccktrittsrecht \/ Widerrufsrecht<\/h2>\n<p>Sie haben das Recht, binnen vierzehn Tagen ohne Angabe von Gr\u00fcnden diesen Vertrag zu widerrufen. Die Widerrufsfrist betr\u00e4gt vierzehn Tage ab dem Tag des Vertragsabschlusses. Um Ihr Widerrufsrecht auszu\u00fcben, m\u00fcssen Sie uns mittels einer eindeutigen Erkl\u00e4rung (z.B. ein mit der Post versandter Brief, Telefax oder E-Mail) \u00fcber Ihren Entschluss, diesen Vertrag zu widerrufen, informieren. Sie k\u00f6nnen daf\u00fcr das beigef\u00fcgte Muster-Widerrufsformular verwenden, das jedoch nicht vorgeschrieben ist. Zur Wahrung der Widerrufsfrist reicht es aus, dass Sie die Mitteilung \u00fcber die Aus\u00fcbung des Widerrufsrechts vor Ablauf der Widerrufsfrist absenden.<\/p>\n<p><strong>Folgen des Widerrufs <\/strong><\/p>\n<p>Wenn Sie diesen Vertrag widerrufen, haben wir Ihnen alle Zahlungen, die wir von Ihnen erhalten haben, unverz\u00fcglich und sp\u00e4testens binnen vierzehn Tagen ab dem Tag zur\u00fcckzuzahlen, an dem die Mitteilung \u00fcber Ihren Widerruf dieses Vertrags bei uns eingegangen ist. F\u00fcr diese R\u00fcckzahlung verwenden wir dasselbe Zahlungsmittel, das Sie bei der urspr\u00fcnglichen Transaktion eingesetzt haben, es sei denn, mit Ihnen wurde ausdr\u00fccklich etwas anderes vereinbart; in keinem Fall werden Ihnen wegen dieser R\u00fcckzahlung Entgelte berechnet.: <a href=\"http:\/\/aroma-database.com\/shop\/wp-content\/uploads\/2020\/03\/Widerrufsformular_db_2020-03-12.pdf\" target=\"_blank\" rel=\"noopener noreferrer\">R\u00fccktrittsformular<\/a><\/p>\n<h2>9. Schlussbestimmungen<\/h2>\n<p>Soweit nicht anders vereinbart, gelten die zur Anwendung kommenden gesetzlichen Bestimmungen ausschlie\u00dflich nach \u00f6sterreichischem Recht, auch dann, wenn die Software im Ausland verwendet wird. F\u00fcr eventuelle Streitigkeiten gilt ausschlie\u00dflich die \u00f6rtliche Zust\u00e4ndigkeit des sachlich zust\u00e4ndigen Gerichtes f\u00fcr den Gesch\u00e4ftssitz des Lizenzgebers als vereinbart. F\u00fcr den Verkauf an Verbraucher im Sinne des Konsumentenschutzgesetzes gelten die vorstehenden Bestimmungen nur insoweit, als das Konsumentenschutzgesetz nicht zwingend andere Bestimmungen vorsieht.<\/p>\n<p>Mediationsklausel:<\/p>\n<p>F\u00fcr den Fall von Streitigkeiten aus diesem Vertrag, die nicht einvernehmlich geregelt werden k\u00f6nnen, vereinbaren die Vertragsparteien einvernehmlich zur au\u00dfergerichtlichen Beilegung des Konfliktes eingetragene Mediatoren (ZivMediatG) mit dem Schwerpunkt WirtschaftsMediation aus der Liste des Justizministeriums beizuziehen. Sollte \u00fcber die Auswahl der WirtschaftsMediatoren oder inhaltlich kein Einvernehmen hergestellt werden k\u00f6nnen, werden fr\u00fchestens ein Monat ab Scheitern der Verhandlungen rechtliche Schritte eingeleitet.<\/p>\n<p>Im Falle einer nicht zustande gekommenen oder abgebrochenen Mediation, gilt in einem allf\u00e4llig eingeleiteten Gerichtsverfahren \u00f6sterreichisches Recht. S\u00e4mtliche aufgrund einer vorherigen Mediation angelaufenen notwendigen Aufwendungen, insbesondere auch jene f\u00fcr eine(n) beigezogene(n) RechtsberaterIn, k\u00f6nnen vereinbarungsgem\u00e4\u00df in einem Gerichts- oder Schiedsgerichtsverfahren als \u201evorprozessuale Kosten\u201c geltend gemacht werden.<\/p>\n<h2>10. Datenschutz, WordPress und Google Analytics Cookie Hinweis:<\/h2>\n<p>Unsere Datenschutzerkl\u00e4rung und die Cookie Hinweise finden Sie \u00a0<a href=\"https:\/\/aroma-database.com\/shop\/wp-content\/uploads\/2023\/07\/datenschutzerklaerung_220125_rev02.pdf\" target=\"_blank\" rel=\"noopener noreferrer\"><strong>hier\u2026<\/strong><\/a><\/p>\n","protected":false},"excerpt":{"rendered":"<p>Die vorliegende Website (in weiterer Folge auch Software genannt) ist ein Online-Angebot der Firma Seunig-Karner GesbR. Die Inhalte der Datenbank beruhen auf gr\u00fcndlicher Recherche und eigenen Erfahrungen der Autorin. Die Empfehlungen in der Datenbank k\u00f6nnen die Betreuung durch eine\/n Arzt\/\u00c4rztin bzw. eine\/n TherapeutIn nicht ersetzen. Alle Angaben, Empfehlungen und Informationen sind ohne jegliche Verpflichtung oder [&hellip;]<\/p>\n","protected":false},"author":179,"featured_media":0,"parent":0,"menu_order":0,"comment_status":"closed","ping_status":"closed","template":"","meta":{"_et_pb_use_builder":"","_et_pb_old_content":"","_et_gb_content_width":"","footnotes":""},"class_list":["post-107","page","type-page","status-publish","hentry"],"yoast_head":"<!-- This site is optimized with the Yoast SEO plugin v27.2 - https:\/\/yoast.com\/product\/yoast-seo-wordpress\/ -->\n<title>Impressum &amp; AGB - aromainfo-database - Aromatherapie Datenbank<\/title>\n<meta name=\"robots\" content=\"noindex, nofollow\" \/>\n<meta property=\"og:locale\" content=\"de_DE\" \/>\n<meta property=\"og:type\" content=\"article\" \/>\n<meta property=\"og:title\" content=\"Impressum &amp; AGB - aromainfo-database - Aromatherapie Datenbank\" \/>\n<meta property=\"og:description\" content=\"Die vorliegende Website (in weiterer Folge auch Software genannt) ist ein Online-Angebot der Firma Seunig-Karner GesbR. Die Inhalte der Datenbank beruhen auf gr\u00fcndlicher Recherche und eigenen Erfahrungen der Autorin. Die Empfehlungen in der Datenbank k\u00f6nnen die Betreuung durch eine\/n Arzt\/\u00c4rztin bzw. eine\/n TherapeutIn nicht ersetzen. Alle Angaben, Empfehlungen und Informationen sind ohne jegliche Verpflichtung oder [&hellip;]\" \/>\n<meta property=\"og:url\" content=\"https:\/\/aroma-database.com\/shop\/impressum-agb\/\" \/>\n<meta property=\"og:site_name\" content=\"aromainfo-database - Aromatherapie Datenbank\" \/>\n<meta property=\"article:modified_time\" content=\"2025-07-16T08:23:08+00:00\" \/>\n<meta property=\"og:image\" content=\"https:\/\/aroma-database.com\/shop\/wp-content\/uploads\/2019\/01\/WKO_ECG-Logo.gif\" \/>\n\t<meta property=\"og:image:width\" content=\"169\" \/>\n\t<meta property=\"og:image:height\" content=\"23\" \/>\n\t<meta property=\"og:image:type\" content=\"image\/gif\" \/>\n<meta name=\"twitter:card\" content=\"summary_large_image\" \/>\n<meta name=\"twitter:label1\" content=\"Gesch\u00e4tzte Lesezeit\" \/>\n\t<meta name=\"twitter:data1\" content=\"10\u00a0Minuten\" \/>\n<script type=\"application\/ld+json\" class=\"yoast-schema-graph\">{\"@context\":\"https:\/\/schema.org\",\"@graph\":[{\"@type\":\"WebPage\",\"@id\":\"https:\/\/aroma-database.com\/shop\/impressum-agb\/\",\"url\":\"https:\/\/aroma-database.com\/shop\/impressum-agb\/\",\"name\":\"Impressum & AGB - aromainfo-database - Aromatherapie Datenbank\",\"isPartOf\":{\"@id\":\"https:\/\/aroma-database.com\/shop\/#website\"},\"primaryImageOfPage\":{\"@id\":\"https:\/\/aroma-database.com\/shop\/impressum-agb\/#primaryimage\"},\"image\":{\"@id\":\"https:\/\/aroma-database.com\/shop\/impressum-agb\/#primaryimage\"},\"thumbnailUrl\":\"http:\/\/aroma-database.com\/shop\/wp-content\/uploads\/2019\/01\/WKO_ECG-Logo.gif\",\"datePublished\":\"2018-11-07T18:16:39+00:00\",\"dateModified\":\"2025-07-16T08:23:08+00:00\",\"breadcrumb\":{\"@id\":\"https:\/\/aroma-database.com\/shop\/impressum-agb\/#breadcrumb\"},\"inLanguage\":\"de\",\"potentialAction\":[{\"@type\":\"ReadAction\",\"target\":[\"https:\/\/aroma-database.com\/shop\/impressum-agb\/\"]}]},{\"@type\":\"ImageObject\",\"inLanguage\":\"de\",\"@id\":\"https:\/\/aroma-database.com\/shop\/impressum-agb\/#primaryimage\",\"url\":\"https:\/\/aroma-database.com\/shop\/wp-content\/uploads\/2019\/01\/WKO_ECG-Logo.gif\",\"contentUrl\":\"https:\/\/aroma-database.com\/shop\/wp-content\/uploads\/2019\/01\/WKO_ECG-Logo.gif\",\"width\":169,\"height\":23},{\"@type\":\"BreadcrumbList\",\"@id\":\"https:\/\/aroma-database.com\/shop\/impressum-agb\/#breadcrumb\",\"itemListElement\":[{\"@type\":\"ListItem\",\"position\":1,\"name\":\"Startseite\",\"item\":\"https:\/\/aroma-database.com\/shop\/\"},{\"@type\":\"ListItem\",\"position\":2,\"name\":\"Impressum &#038; AGB\"}]},{\"@type\":\"WebSite\",\"@id\":\"https:\/\/aroma-database.com\/shop\/#website\",\"url\":\"https:\/\/aroma-database.com\/shop\/\",\"name\":\"aromainfo-database - Aromatherapie Datenbank\",\"description\":\"\",\"publisher\":{\"@id\":\"https:\/\/aroma-database.com\/shop\/#organization\"},\"potentialAction\":[{\"@type\":\"SearchAction\",\"target\":{\"@type\":\"EntryPoint\",\"urlTemplate\":\"https:\/\/aroma-database.com\/shop\/?s={search_term_string}\"},\"query-input\":{\"@type\":\"PropertyValueSpecification\",\"valueRequired\":true,\"valueName\":\"search_term_string\"}}],\"inLanguage\":\"de\"},{\"@type\":\"Organization\",\"@id\":\"https:\/\/aroma-database.com\/shop\/#organization\",\"name\":\"aromainfo-database - Aromatherapie Datenbank\",\"url\":\"https:\/\/aroma-database.com\/shop\/\",\"logo\":{\"@type\":\"ImageObject\",\"inLanguage\":\"de\",\"@id\":\"https:\/\/aroma-database.com\/shop\/#\/schema\/logo\/image\/\",\"url\":\"https:\/\/aroma-database.com\/shop\/wp-content\/uploads\/2023\/02\/logo_final_2302.png\",\"contentUrl\":\"https:\/\/aroma-database.com\/shop\/wp-content\/uploads\/2023\/02\/logo_final_2302.png\",\"width\":1920,\"height\":379,\"caption\":\"aromainfo-database - Aromatherapie Datenbank\"},\"image\":{\"@id\":\"https:\/\/aroma-database.com\/shop\/#\/schema\/logo\/image\/\"}}]}<\/script>\n<!-- \/ Yoast SEO plugin. -->","yoast_head_json":{"title":"Impressum & AGB - aromainfo-database - Aromatherapie Datenbank","robots":{"index":"noindex","follow":"nofollow"},"og_locale":"de_DE","og_type":"article","og_title":"Impressum & AGB - aromainfo-database - Aromatherapie Datenbank","og_description":"Die vorliegende Website (in weiterer Folge auch Software genannt) ist ein Online-Angebot der Firma Seunig-Karner GesbR. Die Inhalte der Datenbank beruhen auf gr\u00fcndlicher Recherche und eigenen Erfahrungen der Autorin. Die Empfehlungen in der Datenbank k\u00f6nnen die Betreuung durch eine\/n Arzt\/\u00c4rztin bzw. eine\/n TherapeutIn nicht ersetzen. Alle Angaben, Empfehlungen und Informationen sind ohne jegliche Verpflichtung oder [&hellip;]","og_url":"https:\/\/aroma-database.com\/shop\/impressum-agb\/","og_site_name":"aromainfo-database - Aromatherapie Datenbank","article_modified_time":"2025-07-16T08:23:08+00:00","og_image":[{"width":169,"height":23,"url":"https:\/\/aroma-database.com\/shop\/wp-content\/uploads\/2019\/01\/WKO_ECG-Logo.gif","type":"image\/gif"}],"twitter_card":"summary_large_image","twitter_misc":{"Gesch\u00e4tzte Lesezeit":"10\u00a0Minuten"},"schema":{"@context":"https:\/\/schema.org","@graph":[{"@type":"WebPage","@id":"https:\/\/aroma-database.com\/shop\/impressum-agb\/","url":"https:\/\/aroma-database.com\/shop\/impressum-agb\/","name":"Impressum & AGB - aromainfo-database - Aromatherapie Datenbank","isPartOf":{"@id":"https:\/\/aroma-database.com\/shop\/#website"},"primaryImageOfPage":{"@id":"https:\/\/aroma-database.com\/shop\/impressum-agb\/#primaryimage"},"image":{"@id":"https:\/\/aroma-database.com\/shop\/impressum-agb\/#primaryimage"},"thumbnailUrl":"http:\/\/aroma-database.com\/shop\/wp-content\/uploads\/2019\/01\/WKO_ECG-Logo.gif","datePublished":"2018-11-07T18:16:39+00:00","dateModified":"2025-07-16T08:23:08+00:00","breadcrumb":{"@id":"https:\/\/aroma-database.com\/shop\/impressum-agb\/#breadcrumb"},"inLanguage":"de","potentialAction":[{"@type":"ReadAction","target":["https:\/\/aroma-database.com\/shop\/impressum-agb\/"]}]},{"@type":"ImageObject","inLanguage":"de","@id":"https:\/\/aroma-database.com\/shop\/impressum-agb\/#primaryimage","url":"https:\/\/aroma-database.com\/shop\/wp-content\/uploads\/2019\/01\/WKO_ECG-Logo.gif","contentUrl":"https:\/\/aroma-database.com\/shop\/wp-content\/uploads\/2019\/01\/WKO_ECG-Logo.gif","width":169,"height":23},{"@type":"BreadcrumbList","@id":"https:\/\/aroma-database.com\/shop\/impressum-agb\/#breadcrumb","itemListElement":[{"@type":"ListItem","position":1,"name":"Startseite","item":"https:\/\/aroma-database.com\/shop\/"},{"@type":"ListItem","position":2,"name":"Impressum &#038; AGB"}]},{"@type":"WebSite","@id":"https:\/\/aroma-database.com\/shop\/#website","url":"https:\/\/aroma-database.com\/shop\/","name":"aromainfo-database - Aromatherapie Datenbank","description":"","publisher":{"@id":"https:\/\/aroma-database.com\/shop\/#organization"},"potentialAction":[{"@type":"SearchAction","target":{"@type":"EntryPoint","urlTemplate":"https:\/\/aroma-database.com\/shop\/?s={search_term_string}"},"query-input":{"@type":"PropertyValueSpecification","valueRequired":true,"valueName":"search_term_string"}}],"inLanguage":"de"},{"@type":"Organization","@id":"https:\/\/aroma-database.com\/shop\/#organization","name":"aromainfo-database - Aromatherapie Datenbank","url":"https:\/\/aroma-database.com\/shop\/","logo":{"@type":"ImageObject","inLanguage":"de","@id":"https:\/\/aroma-database.com\/shop\/#\/schema\/logo\/image\/","url":"https:\/\/aroma-database.com\/shop\/wp-content\/uploads\/2023\/02\/logo_final_2302.png","contentUrl":"https:\/\/aroma-database.com\/shop\/wp-content\/uploads\/2023\/02\/logo_final_2302.png","width":1920,"height":379,"caption":"aromainfo-database - Aromatherapie Datenbank"},"image":{"@id":"https:\/\/aroma-database.com\/shop\/#\/schema\/logo\/image\/"}}]}},"_links":{"self":[{"href":"https:\/\/aroma-database.com\/shop\/wp-json\/wp\/v2\/pages\/107","targetHints":{"allow":["GET"]}}],"collection":[{"href":"https:\/\/aroma-database.com\/shop\/wp-json\/wp\/v2\/pages"}],"about":[{"href":"https:\/\/aroma-database.com\/shop\/wp-json\/wp\/v2\/types\/page"}],"author":[{"embeddable":true,"href":"https:\/\/aroma-database.com\/shop\/wp-json\/wp\/v2\/users\/179"}],"replies":[{"embeddable":true,"href":"https:\/\/aroma-database.com\/shop\/wp-json\/wp\/v2\/comments?post=107"}],"version-history":[{"count":9,"href":"https:\/\/aroma-database.com\/shop\/wp-json\/wp\/v2\/pages\/107\/revisions"}],"predecessor-version":[{"id":8205,"href":"https:\/\/aroma-database.com\/shop\/wp-json\/wp\/v2\/pages\/107\/revisions\/8205"}],"wp:attachment":[{"href":"https:\/\/aroma-database.com\/shop\/wp-json\/wp\/v2\/media?parent=107"}],"curies":[{"name":"wp","href":"https:\/\/api.w.org\/{rel}","templated":true}]}}